{"id":11,"date":"2013-04-28T17:53:08","date_gmt":"2013-04-28T15:53:08","guid":{"rendered":"http:\/\/www.alois-springer.de\/francais\/?page_id=11"},"modified":"2013-07-16T15:42:29","modified_gmt":"2013-07-16T13:42:29","slug":"internationale-auszeichnungen","status":"publish","type":"page","link":"http:\/\/alois-springer.de\/francais\/internationale-auszeichnungen\/","title":{"rendered":"Les prix internationaux"},"content":{"rendered":"<p><img decoding=\"async\" class=\"alignnone  wp-image-187\" alt=\"\" src=\"http:\/\/www.alois-springer.de\/wp-content\/uploads\/2013\/04\/preisvergabe_bernstein-1.png\" width=\"600\" \/><\/p>\n<p>1er laur\u00e9at du concours f\u00e9d\u00e9ral <em>\u201eKonzerte junger K\u00fcnstler\u201c<\/em> Hannover<\/p>\n<p>1er prix du \u00a0<em>Concours international de jeunes chefs d\u2019orchestre besancon \/ France<\/em><\/p>\n<p><em>Eleonor R. Crane Memorial Conducting Prize<\/em><\/p>\n<p><em>International Berkshire Music Festival Tanglewood \/ Mass. USA<\/em><\/p>\n<p><em>Koussevitzky Conducting Prize<\/em><\/p>\n<p>1er prix et m\u00e9daille d&#8217;or du\u00a0<em>Dimitri Mitropoulos Music Competition Award, New York<\/em><\/p>\n<div id=\"attachment_269\" style=\"width: 530px\" class=\"wp-caption alignnone\"><img loading=\"lazy\" decoding=\"async\" aria-describedby=\"caption-attachment-269\" src=\"http:\/\/www.alois-springer.de\/wp-content\/uploads\/2013\/04\/Unbenannt-1.jpg\" alt=\"La m\u00e9daille d'or du Mitropoulos Music Competition Award\" width=\"520\" height=\"262\" class=\"size-full wp-image-269\" \/><p id=\"caption-attachment-269\" class=\"wp-caption-text\">La m\u00e9daille d&#8217;or du Mitropoulos Music Competition Award<\/p><\/div>\n","protected":false},"excerpt":{"rendered":"<p>1er laur\u00e9at du concours f\u00e9d\u00e9ral \u201eKonzerte junger K\u00fcnstler\u201c Hannover 1er prix du \u00a0Concours international de jeunes chefs d\u2019orchestre besancon \/ France Eleonor R. Crane Memorial Conducting Prize International Berkshire Music Festival Tanglewood \/ Mass. USA Koussevitzky Conducting Prize 1er prix et m\u00e9daille d&#8217;or du\u00a0Dimitri Mitropoulos Music Competition Award, New York<\/p>\n","protected":false},"author":1,"featured_media":0,"parent":0,"menu_order":6,"comment_status":"closed","ping_status":"closed","template":"","meta":{"footnotes":""},"_links":{"self":[{"href":"http:\/\/alois-springer.de\/francais\/wp-json\/wp\/v2\/pages\/11"}],"collection":[{"href":"http:\/\/alois-springer.de\/francais\/wp-json\/wp\/v2\/pages"}],"about":[{"href":"http:\/\/alois-springer.de\/francais\/wp-json\/wp\/v2\/types\/page"}],"author":[{"embeddable":true,"href":"http:\/\/alois-springer.de\/francais\/wp-json\/wp\/v2\/users\/1"}],"replies":[{"embeddable":true,"href":"http:\/\/alois-springer.de\/francais\/wp-json\/wp\/v2\/comments?post=11"}],"version-history":[{"count":4,"href":"http:\/\/alois-springer.de\/francais\/wp-json\/wp\/v2\/pages\/11\/revisions"}],"predecessor-version":[{"id":55,"href":"http:\/\/alois-springer.de\/francais\/wp-json\/wp\/v2\/pages\/11\/revisions\/55"}],"wp:attachment":[{"href":"http:\/\/alois-springer.de\/francais\/wp-json\/wp\/v2\/media?parent=11"}],"curies":[{"name":"wp","href":"https:\/\/api.w.org\/{rel}","templated":true}]}}