{"id":4,"date":"2013-04-28T17:50:30","date_gmt":"2013-04-28T15:50:30","guid":{"rendered":"http:\/\/www.alois-springer.de\/francais\/?page_id=4"},"modified":"2016-09-28T22:13:09","modified_gmt":"2016-09-28T20:13:09","slug":"home","status":"publish","type":"page","link":"http:\/\/alois-springer.de\/francais\/","title":{"rendered":"Accueil"},"content":{"rendered":"<p><img decoding=\"async\" class=\" wp-image-49 alignnone\" src=\"http:\/\/www.alois-springer.de\/wp-content\/uploads\/2013\/04\/2.jpg\" alt=\"\" height=\"313\" \/><\/p>\n<style><!-- h2 {display:none} .entry {margin-top: -0.5em;} .entry img {margin-top: 0;} --><br \/>\nimg#francais{\t\t\t\t\t\t\t\t\t\t\t\t\t   opacity: 0.90;<br \/>\n\t\t\t\t\t\t\t\t\t\t\t\t  -moz-opacity: 0.90;<br \/>\n\t\t\t\t\t\t\t\t\t\t\t\t-khtml-opacity: 0.90;<br \/>\n     -ms-filter:\"progid:DXImageTransform.Microsoft.Alpha\"(Opacity=90);<br \/>\n          filter: progid:DXImageTransform.Microsoft.Alpha(opacity=90);<br \/>\n          \t\t\t\t\t\t\t\t\t filter:alpha(opacity=90);}<br \/>\n<\/style>\n<p>&nbsp;<\/p>\n<p>Le <strong>dictionnaire musical Riemann<\/strong>\u00a0\u00e9crit sur lui:<br \/>\n<em>\u201eSpringer, Alois, \u2026 deutscher Dirigent und Violinist \u2026 1. Violinist und Assistent-Dirigent im Z\u00fcrcher Kammerorchester \u2026 1. Konzertmeister des St\u00e4dtischen Orchesters Trier \u2026 Assistent von Leinsdorf und Boult in Tanglewood (Mass.) \u2026 Solist und Assistent-Dirigent Radio-Symphonie-Orchester Luxembourg \u2026 Mitarbeiter von Leonard Bernstein bei der New York Philharmonie \u2026 Chefdirigent der Philharmonia Hungarica \u2026\u201c<\/em><\/p>\n<p>&nbsp;<\/p>\n<p><strong>Aujourd&#8217;hui:<\/strong>\u00a0Apr\u00e8s ce formidable p\u00e9riple, Alois Springer continue \u00e0 vivre sa passion: il est chef inivit\u00e9 de nombreux orchestres nationaux et internationaux. Mais ce qu&#8217;il aime avant tout c&#8217;est de former les jeunes, de transmettre son exp\u00e9rience \u00e0 la jeune g\u00e9n\u00e9ration et d&#8216; \u00e9pauler ceux et celles qui d\u00e9sirent s&#8217;\u00e9lever dans la cons\u00e9cration de cet art, comme il l&#8217;avait fait avant eux.<\/p>\n<p>&nbsp;<\/p>\n","protected":false},"excerpt":{"rendered":"<p>&nbsp; Le dictionnaire musical Riemann\u00a0\u00e9crit sur lui: \u201eSpringer, Alois, \u2026 deutscher Dirigent und Violinist \u2026 1. Violinist und Assistent-Dirigent im Z\u00fcrcher Kammerorchester \u2026 1. Konzertmeister des St\u00e4dtischen Orchesters Trier \u2026 Assistent von Leinsdorf und Boult in Tanglewood (Mass.) \u2026 Solist und Assistent-Dirigent Radio-Symphonie-Orchester Luxembourg \u2026 Mitarbeiter von Leonard Bernstein bei der New York Philharmonie \u2026 [&hellip;]<\/p>\n","protected":false},"author":1,"featured_media":0,"parent":0,"menu_order":1,"comment_status":"closed","ping_status":"closed","template":"","meta":{"footnotes":""},"_links":{"self":[{"href":"http:\/\/alois-springer.de\/francais\/wp-json\/wp\/v2\/pages\/4"}],"collection":[{"href":"http:\/\/alois-springer.de\/francais\/wp-json\/wp\/v2\/pages"}],"about":[{"href":"http:\/\/alois-springer.de\/francais\/wp-json\/wp\/v2\/types\/page"}],"author":[{"embeddable":true,"href":"http:\/\/alois-springer.de\/francais\/wp-json\/wp\/v2\/users\/1"}],"replies":[{"embeddable":true,"href":"http:\/\/alois-springer.de\/francais\/wp-json\/wp\/v2\/comments?post=4"}],"version-history":[{"count":8,"href":"http:\/\/alois-springer.de\/francais\/wp-json\/wp\/v2\/pages\/4\/revisions"}],"predecessor-version":[{"id":89,"href":"http:\/\/alois-springer.de\/francais\/wp-json\/wp\/v2\/pages\/4\/revisions\/89"}],"wp:attachment":[{"href":"http:\/\/alois-springer.de\/francais\/wp-json\/wp\/v2\/media?parent=4"}],"curies":[{"name":"wp","href":"https:\/\/api.w.org\/{rel}","templated":true}]}}